{"id":542,"date":"2017-07-04T16:29:45","date_gmt":"2017-07-04T14:29:45","guid":{"rendered":"https:\/\/www.espacemagh.be\/?page_id=17"},"modified":"2023-07-20T11:17:16","modified_gmt":"2023-07-20T09:17:16","slug":"home","status":"publish","type":"page","link":"https:\/\/www.circusnext-artists.eu\/fr\/","title":{"rendered":"Home"},"content":{"rendered":"\t\t<div data-elementor-type=\"wp-post\" data-elementor-id=\"542\" class=\"elementor elementor-542\" data-elementor-post-type=\"page\">\n\t\t\t\t\t\t<section class=\"elementor-section elementor-top-section elementor-element elementor-element-fca1e57 elementor-section-full_width elementor-section-height-default elementor-section-height-default\" data-id=\"fca1e57\" data-element_type=\"section\">\n\t\t\t\t\t\t<div class=\"elementor-container elementor-column-gap-default\">\n\t\t\t\t\t<div class=\"elementor-column elementor-col-100 elementor-top-column elementor-element elementor-element-72c4829\" data-id=\"72c4829\" data-element_type=\"column\">\n\t\t\t<div class=\"elementor-widget-wrap elementor-element-populated\">\n\t\t\t\t\t\t<div class=\"elementor-element elementor-element-3dd6d56 elementor-widget__width-inherit elementor--h-position-left elementor--v-position-bottom elementor-hidden-phone elementor-arrows-position-inside elementor-pagination-position-inside elementor-widget elementor-widget-slides\" data-id=\"3dd6d56\" data-element_type=\"widget\" data-settings=\"{&quot;transition_speed&quot;:2500,&quot;autoplay_speed&quot;:8000,&quot;navigation&quot;:&quot;both&quot;,&quot;autoplay&quot;:&quot;yes&quot;,&quot;pause_on_interaction&quot;:&quot;yes&quot;,&quot;infinite&quot;:&quot;yes&quot;,&quot;transition&quot;:&quot;slide&quot;}\" data-widget_type=\"slides.default\">\n\t\t\t\t<div class=\"elementor-widget-container\">\n\t\t\t\t\t\t\t<div class=\"elementor-swiper\">\n\t\t\t<div class=\"elementor-slides-wrapper elementor-main-swiper swiper\" dir=\"ltr\" data-animation=\"fadeInUp\">\n\t\t\t\t<div class=\"swiper-wrapper elementor-slides\">\n\t\t\t\t\t\t\t\t\t\t<div class=\"elementor-repeater-item-188b555 swiper-slide\"><div class=\"swiper-slide-bg elementor-ken-burns elementor-ken-burns--in\" role=\"img\"><\/div><a class=\"swiper-slide-inner\" href=\"https:\/\/www.circusnext-artists.eu\/fr\/artistes\/\"><div class=\"swiper-slide-contents\"><div class=\"elementor-slide-heading\">Tous les artistes<\/div><div class=\"elementor-slide-description\">20 ans d'auteurs\u00b7trices \u00e9mergent\u00b7e\u00b7s de cirque europ\u00e9ens\u00b7nes<\/div><div  class=\"elementor-button elementor-slide-button elementor-size-xs\">Cliquer ici<\/div><\/div><\/a><\/div>\t\t\t\t<\/div>\n\t\t\t\t\t\t\t<\/div>\n\t\t<\/div>\n\t\t\t\t\t\t<\/div>\n\t\t\t\t<\/div>\n\t\t\t\t\t<\/div>\n\t\t<\/div>\n\t\t\t\t\t<\/div>\n\t\t<\/section>\n\t\t\t\t<\/div>\n\t\t","protected":false},"excerpt":{"rendered":"<p>Tous les artistes20 ans d&#8217;auteurs\u00b7trices \u00e9mergent\u00b7e\u00b7s de cirque europ\u00e9ens\u00b7nesCliquer ici [&#8230;]<\/p>\n<p><a class=\"btn btn-secondary understrap-read-more-link\" href=\"https:\/\/www.circusnext-artists.eu\/fr\/\">Lire la suite\u2026<span class=\"screen-reader-text\"> from Home<\/span><\/a><\/p>\n","protected":false},"author":1,"featured_media":0,"parent":0,"menu_order":20,"comment_status":"closed","ping_status":"closed","template":"page-templates\/home.php","meta":{"_acf_changed":false,"footnotes":""},"acf":[],"yoast_head":"<!-- This site is optimized with the Yoast SEO plugin v23.4 - https:\/\/yoast.com\/wordpress\/plugins\/seo\/ -->\n<title>circusnext - Label de cirque europ\u00e9en<\/title>\n<meta name=\"description\" content=\"D\u00e9couvrir, accompagner et soutenir les auteurs \u00e9mergents du cirque contemporain avec un programme annuel et une plateforme de partenaires.\" \/>\n<meta name=\"robots\" content=\"index, follow, max-snippet:-1, max-image-preview:large, max-video-preview:-1\" \/>\n<link rel=\"canonical\" href=\"https:\/\/www.circusnext-artists.eu\/fr\/\" \/>\n<meta property=\"og:locale\" content=\"fr_FR\" \/>\n<meta property=\"og:type\" content=\"article\" \/>\n<meta property=\"og:title\" content=\"circusnext - Label de cirque europ\u00e9en\" \/>\n<meta property=\"og:description\" content=\"D\u00e9couvrir, accompagner et soutenir les auteurs \u00e9mergents du cirque contemporain avec un programme annuel et une plateforme de partenaires.\" \/>\n<meta property=\"og:url\" content=\"https:\/\/www.circusnext-artists.eu\/fr\/\" \/>\n<meta property=\"og:site_name\" content=\"circusnext\" \/>\n<meta property=\"article:publisher\" content=\"https:\/\/www.facebook.com\/circusnext\" \/>\n<meta property=\"article:modified_time\" content=\"2023-07-20T09:17:16+00:00\" \/>\n<meta name=\"twitter:card\" content=\"summary_large_image\" \/>\n<meta name=\"twitter:site\" content=\"@circusnext\" \/>\n<meta name=\"twitter:label1\" content=\"Dur\u00e9e de lecture estim\u00e9e\" \/>\n\t<meta name=\"twitter:data1\" content=\"1 minute\" \/>\n<script type=\"application\/ld+json\" class=\"yoast-schema-graph\">{\"@context\":\"https:\/\/schema.org\",\"@graph\":[{\"@type\":\"WebPage\",\"@id\":\"https:\/\/www.circusnext-artists.eu\/fr\/\",\"url\":\"https:\/\/www.circusnext-artists.eu\/fr\/\",\"name\":\"circusnext - Label de cirque europ\u00e9en\",\"isPartOf\":{\"@id\":\"https:\/\/www.circusnext-artists.eu\/fr\/#website\"},\"datePublished\":\"2017-07-04T14:29:45+00:00\",\"dateModified\":\"2023-07-20T09:17:16+00:00\",\"description\":\"D\u00e9couvrir, accompagner et soutenir les auteurs \u00e9mergents du cirque contemporain avec un programme annuel et une plateforme de partenaires.\",\"breadcrumb\":{\"@id\":\"https:\/\/www.circusnext-artists.eu\/fr\/#breadcrumb\"},\"inLanguage\":\"fr-FR\",\"potentialAction\":[{\"@type\":\"ReadAction\",\"target\":[\"https:\/\/www.circusnext-artists.eu\/fr\/\"]}]},{\"@type\":\"BreadcrumbList\",\"@id\":\"https:\/\/www.circusnext-artists.eu\/fr\/#breadcrumb\",\"itemListElement\":[{\"@type\":\"ListItem\",\"position\":1,\"name\":\"Accueil\",\"item\":\"https:\/\/www.circusnext-artists.eu\/fr\/\"},{\"@type\":\"ListItem\",\"position\":2,\"name\":\"Home\"}]},{\"@type\":\"WebSite\",\"@id\":\"https:\/\/www.circusnext-artists.eu\/fr\/#website\",\"url\":\"https:\/\/www.circusnext-artists.eu\/fr\/\",\"name\":\"circusnext\",\"description\":\"european circus label\",\"publisher\":{\"@id\":\"https:\/\/www.circusnext-artists.eu\/fr\/#organization\"},\"potentialAction\":[{\"@type\":\"SearchAction\",\"target\":{\"@type\":\"EntryPoint\",\"urlTemplate\":\"https:\/\/www.circusnext-artists.eu\/fr\/?s={search_term_string}\"},\"query-input\":{\"@type\":\"PropertyValueSpecification\",\"valueRequired\":true,\"valueName\":\"search_term_string\"}}],\"inLanguage\":\"fr-FR\"},{\"@type\":\"Organization\",\"@id\":\"https:\/\/www.circusnext-artists.eu\/fr\/#organization\",\"name\":\"Circusnext\",\"url\":\"https:\/\/www.circusnext-artists.eu\/fr\/\",\"logo\":{\"@type\":\"ImageObject\",\"inLanguage\":\"fr-FR\",\"@id\":\"https:\/\/www.circusnext-artists.eu\/fr\/#\/schema\/logo\/image\/\",\"url\":\"https:\/\/www.circusnext-artists.eu\/wp-content\/uploads\/2020\/10\/logo_circusnext.svg\",\"contentUrl\":\"https:\/\/www.circusnext-artists.eu\/wp-content\/uploads\/2020\/10\/logo_circusnext.svg\",\"caption\":\"Circusnext\"},\"image\":{\"@id\":\"https:\/\/www.circusnext-artists.eu\/fr\/#\/schema\/logo\/image\/\"},\"sameAs\":[\"https:\/\/www.facebook.com\/circusnext\",\"https:\/\/x.com\/circusnext\",\"https:\/\/instagram.com\/circusnext\"]}]}<\/script>\n<!-- \/ Yoast SEO plugin. -->","yoast_head_json":{"title":"circusnext - Label de cirque europ\u00e9en","description":"D\u00e9couvrir, accompagner et soutenir les auteurs \u00e9mergents du cirque contemporain avec un programme annuel et une plateforme de partenaires.","robots":{"index":"index","follow":"follow","max-snippet":"max-snippet:-1","max-image-preview":"max-image-preview:large","max-video-preview":"max-video-preview:-1"},"canonical":"https:\/\/www.circusnext-artists.eu\/fr\/","og_locale":"fr_FR","og_type":"article","og_title":"circusnext - Label de cirque europ\u00e9en","og_description":"D\u00e9couvrir, accompagner et soutenir les auteurs \u00e9mergents du cirque contemporain avec un programme annuel et une plateforme de partenaires.","og_url":"https:\/\/www.circusnext-artists.eu\/fr\/","og_site_name":"circusnext","article_publisher":"https:\/\/www.facebook.com\/circusnext","article_modified_time":"2023-07-20T09:17:16+00:00","twitter_card":"summary_large_image","twitter_site":"@circusnext","twitter_misc":{"Dur\u00e9e de lecture estim\u00e9e":"1 minute"},"schema":{"@context":"https:\/\/schema.org","@graph":[{"@type":"WebPage","@id":"https:\/\/www.circusnext-artists.eu\/fr\/","url":"https:\/\/www.circusnext-artists.eu\/fr\/","name":"circusnext - Label de cirque europ\u00e9en","isPartOf":{"@id":"https:\/\/www.circusnext-artists.eu\/fr\/#website"},"datePublished":"2017-07-04T14:29:45+00:00","dateModified":"2023-07-20T09:17:16+00:00","description":"D\u00e9couvrir, accompagner et soutenir les auteurs \u00e9mergents du cirque contemporain avec un programme annuel et une plateforme de partenaires.","breadcrumb":{"@id":"https:\/\/www.circusnext-artists.eu\/fr\/#breadcrumb"},"inLanguage":"fr-FR","potentialAction":[{"@type":"ReadAction","target":["https:\/\/www.circusnext-artists.eu\/fr\/"]}]},{"@type":"BreadcrumbList","@id":"https:\/\/www.circusnext-artists.eu\/fr\/#breadcrumb","itemListElement":[{"@type":"ListItem","position":1,"name":"Accueil","item":"https:\/\/www.circusnext-artists.eu\/fr\/"},{"@type":"ListItem","position":2,"name":"Home"}]},{"@type":"WebSite","@id":"https:\/\/www.circusnext-artists.eu\/fr\/#website","url":"https:\/\/www.circusnext-artists.eu\/fr\/","name":"circusnext","description":"european circus label","publisher":{"@id":"https:\/\/www.circusnext-artists.eu\/fr\/#organization"},"potentialAction":[{"@type":"SearchAction","target":{"@type":"EntryPoint","urlTemplate":"https:\/\/www.circusnext-artists.eu\/fr\/?s={search_term_string}"},"query-input":{"@type":"PropertyValueSpecification","valueRequired":true,"valueName":"search_term_string"}}],"inLanguage":"fr-FR"},{"@type":"Organization","@id":"https:\/\/www.circusnext-artists.eu\/fr\/#organization","name":"Circusnext","url":"https:\/\/www.circusnext-artists.eu\/fr\/","logo":{"@type":"ImageObject","inLanguage":"fr-FR","@id":"https:\/\/www.circusnext-artists.eu\/fr\/#\/schema\/logo\/image\/","url":"https:\/\/www.circusnext-artists.eu\/wp-content\/uploads\/2020\/10\/logo_circusnext.svg","contentUrl":"https:\/\/www.circusnext-artists.eu\/wp-content\/uploads\/2020\/10\/logo_circusnext.svg","caption":"Circusnext"},"image":{"@id":"https:\/\/www.circusnext-artists.eu\/fr\/#\/schema\/logo\/image\/"},"sameAs":["https:\/\/www.facebook.com\/circusnext","https:\/\/x.com\/circusnext","https:\/\/instagram.com\/circusnext"]}]}},"_links":{"self":[{"href":"https:\/\/www.circusnext-artists.eu\/fr\/wp-json\/wp\/v2\/pages\/542"}],"collection":[{"href":"https:\/\/www.circusnext-artists.eu\/fr\/wp-json\/wp\/v2\/pages"}],"about":[{"href":"https:\/\/www.circusnext-artists.eu\/fr\/wp-json\/wp\/v2\/types\/page"}],"author":[{"embeddable":true,"href":"https:\/\/www.circusnext-artists.eu\/fr\/wp-json\/wp\/v2\/users\/1"}],"replies":[{"embeddable":true,"href":"https:\/\/www.circusnext-artists.eu\/fr\/wp-json\/wp\/v2\/comments?post=542"}],"version-history":[{"count":10,"href":"https:\/\/www.circusnext-artists.eu\/fr\/wp-json\/wp\/v2\/pages\/542\/revisions"}],"predecessor-version":[{"id":45448,"href":"https:\/\/www.circusnext-artists.eu\/fr\/wp-json\/wp\/v2\/pages\/542\/revisions\/45448"}],"wp:attachment":[{"href":"https:\/\/www.circusnext-artists.eu\/fr\/wp-json\/wp\/v2\/media?parent=542"}],"curies":[{"name":"wp","href":"https:\/\/api.w.org\/{rel}","templated":true}]}}